{"id":2357,"date":"2024-11-05T19:03:01","date_gmt":"2024-11-05T19:03:01","guid":{"rendered":"https:\/\/doinbrazil.com\/?page_id=2357"},"modified":"2024-11-05T19:29:05","modified_gmt":"2024-11-05T19:29:05","slug":"news","status":"publish","type":"page","link":"https:\/\/doinbrazil.com\/es\/news\/","title":{"rendered":"News"},"content":{"rendered":"<p>Brazil Travel News: Stay updated with the latest news in Brazilian tourism! Discover information on new destinations, events, travel regulations, and tips to enhance your experience exploring Brazil.<\/p>\n\n\n\n\t\t\t<div class=\"wp-block-uagb-post-grid uagb-post-grid  uagb-post__image-position-top uagb-post__image-enabled uagb-block-3d8e8645     uagb-post__items uagb-post__columns-3 is-grid uagb-post__columns-tablet-2 uagb-post__columns-mobile-1 uagb-post__equal-height\" data-total=\"2\" style=\"\">\n\n\t\t\t\t\t\t\t\t\t\t\t\t<article class=\"uagb-post__inner-wrap\">\t\t\t\t\t\t\t\t<div class='uagb-post__image'>\n\t\t\t\t\t\t\t\t\t<a href=\"https:\/\/doinbrazil.com\/es\/bahia-registers-60-increase-in-international-visitors\/\" target=\"_self\" rel=\"bookmark noopener noreferrer\" class='uagb-image-ratio-inherit'><img loading=\"lazy\" decoding=\"async\" width=\"1024\" height=\"683\" src=\"https:\/\/doinbrazil.com\/wp-content\/uploads\/2024\/12\/Pelourin-17-1024x683.jpg\" class=\"attachment-large size-large\" alt=\"Colorful Colonial Architecture in Pelourinho, Salvador, Bahia, Brazil\" srcset=\"https:\/\/doinbrazil.com\/wp-content\/uploads\/2024\/12\/Pelourin-17-1024x683.jpg 1024w, https:\/\/doinbrazil.com\/wp-content\/uploads\/2024\/12\/Pelourin-17-300x200.jpg 300w, https:\/\/doinbrazil.com\/wp-content\/uploads\/2024\/12\/Pelourin-17-768x512.jpg 768w, https:\/\/doinbrazil.com\/wp-content\/uploads\/2024\/12\/Pelourin-17-1536x1024.jpg 1536w, https:\/\/doinbrazil.com\/wp-content\/uploads\/2024\/12\/Pelourin-17-2048x1365.jpg 2048w\" sizes=\"auto, (max-width: 1024px) 100vw, 1024px\" \/>\t\t\t\t\t<\/a>\n\t\t\t\t\t\t\t<\/div>\n\t\t\t\t\t\t<h4 class=\"uagb-post__title uagb-post__text\">\n\t\t\t\t<a href=\"https:\/\/doinbrazil.com\/es\/bahia-registers-60-increase-in-international-visitors\/\" target=\"_self\" rel=\"bookmark noopener noreferrer\">Bahia registers 60% increase in international visitors<\/a>\n\t\t\t<\/h4>\n\t\t\t\t\t\t<div class='uagb-post__text uagb-post-grid-byline'>\n\t\t\t\t\t\t\t\t<time datetime=\"2024-12-25T06:40:00+00:00\" class=\"uagb-post__date\">\n\t\t\t\t<span class=\"dashicons-calendar dashicons\"><\/span>\t\t\t\t\t25\/12\/2024\t\t\t\t<\/time>\n\t\t\t\t\t\t\t<span class=\"uagb-post__comment\">\n\t\t\t\t<span class=\"dashicons-admin-comments dashicons\"><\/span>\t\t\t\t\t1 comentario\t\t\t\t<\/span>\n\t\t\t\t\t\t<\/div>\n\t\t\t\t\t\t\t<div class='uagb-post__text uagb-post__excerpt'>\n\t\t\t\t\tBahia sees a 60% increase in international visitors, with 125,000 foreigners arriving in 2023. Discover&#8230;\t\t\t\t<\/div>\n\t\t\t\t\t\t<div class=\"uagb-post__text uagb-post__cta wp-block-button\">\n\t\t\t\t<a class=\"wp-block-button__link uagb-text-link\" style=\"\" href=\"https:\/\/doinbrazil.com\/es\/bahia-registers-60-increase-in-international-visitors\/\" target=\"_self\" rel=\"bookmark noopener noreferrer\">Leer m\u00e1s<\/a>\n\t\t\t<\/div>\n\t\t\t\n\t\t\t\t\t\t\t\t\t<\/article>\n\t\t\t\t\t\t\t\t\t\t\t\t\t\t\t\t<article class=\"uagb-post__inner-wrap\">\t\t\t\t\t\t\t\t<div class='uagb-post__image'>\n\t\t\t\t\t\t\t\t\t<a href=\"https:\/\/doinbrazil.com\/es\/lencois-maranhenses-national-park-named-top-luxury-destination-for-brazilians\/\" target=\"_self\" rel=\"bookmark noopener noreferrer\" class='uagb-image-ratio-inherit'><img loading=\"lazy\" decoding=\"async\" width=\"1024\" height=\"681\" src=\"https:\/\/doinbrazil.com\/wp-content\/uploads\/2024\/12\/AdobeStock_539603615-1024x681.jpeg\" class=\"attachment-large size-large\" alt=\"Lagoa Azul - Lencois Maranhenses\" srcset=\"https:\/\/doinbrazil.com\/wp-content\/uploads\/2024\/12\/AdobeStock_539603615-1024x681.jpeg 1024w, https:\/\/doinbrazil.com\/wp-content\/uploads\/2024\/12\/AdobeStock_539603615-300x200.jpeg 300w, https:\/\/doinbrazil.com\/wp-content\/uploads\/2024\/12\/AdobeStock_539603615-768x511.jpeg 768w, https:\/\/doinbrazil.com\/wp-content\/uploads\/2024\/12\/AdobeStock_539603615-1536x1021.jpeg 1536w, https:\/\/doinbrazil.com\/wp-content\/uploads\/2024\/12\/AdobeStock_539603615-2048x1362.jpeg 2048w\" sizes=\"auto, (max-width: 1024px) 100vw, 1024px\" \/>\t\t\t\t\t<\/a>\n\t\t\t\t\t\t\t<\/div>\n\t\t\t\t\t\t<h4 class=\"uagb-post__title uagb-post__text\">\n\t\t\t\t<a href=\"https:\/\/doinbrazil.com\/es\/lencois-maranhenses-national-park-named-top-luxury-destination-for-brazilians\/\" target=\"_self\" rel=\"bookmark noopener noreferrer\">Len\u00e7\u00f3is Maranhenses National Park named top luxury destination for brazilians<\/a>\n\t\t\t<\/h4>\n\t\t\t\t\t\t<div class='uagb-post__text uagb-post-grid-byline'>\n\t\t\t\t\t\t\t\t<time datetime=\"2024-12-18T06:09:00+00:00\" class=\"uagb-post__date\">\n\t\t\t\t<span class=\"dashicons-calendar dashicons\"><\/span>\t\t\t\t\t18\/12\/2024\t\t\t\t<\/time>\n\t\t\t\t\t\t\t<span class=\"uagb-post__comment\">\n\t\t\t\t<span class=\"dashicons-admin-comments dashicons\"><\/span>\t\t\t\t\tNo hay comentarios\t\t\t\t<\/span>\n\t\t\t\t\t\t<\/div>\n\t\t\t\t\t\t\t<div class='uagb-post__text uagb-post__excerpt'>\n\t\t\t\t\tLen\u00e7\u00f3is Maranhenses named top luxury destination for brazilians, surpassing Fernando de Noronha. Explore why this&#8230;\t\t\t\t<\/div>\n\t\t\t\t\t\t<div class=\"uagb-post__text uagb-post__cta wp-block-button\">\n\t\t\t\t<a class=\"wp-block-button__link uagb-text-link\" style=\"\" href=\"https:\/\/doinbrazil.com\/es\/lencois-maranhenses-national-park-named-top-luxury-destination-for-brazilians\/\" target=\"_self\" rel=\"bookmark noopener noreferrer\">Leer m\u00e1s<\/a>\n\t\t\t<\/div>\n\t\t\t\n\t\t\t\t\t\t\t\t\t<\/article>\n\t\t\t\t\t\t\t\t\t\t\t\t\t\t\t\t<article class=\"uagb-post__inner-wrap\">\t\t\t\t\t\t\t\t<div class='uagb-post__image'>\n\t\t\t\t\t\t\t\t\t<a href=\"https:\/\/doinbrazil.com\/es\/corporate-travel-in-brazil-hits-record-revenue-in-q3-2024\/\" target=\"_self\" rel=\"bookmark noopener noreferrer\" class='uagb-image-ratio-inherit'><img loading=\"lazy\" decoding=\"async\" width=\"600\" height=\"400\" src=\"https:\/\/doinbrazil.com\/wp-content\/uploads\/2024\/11\/avenida-paulista-sao-paulo-brazil.png\" class=\"attachment-large size-large\" alt=\"avenida paulista s\u00e3o paulo brazil\" srcset=\"https:\/\/doinbrazil.com\/wp-content\/uploads\/2024\/11\/avenida-paulista-sao-paulo-brazil.png 600w, https:\/\/doinbrazil.com\/wp-content\/uploads\/2024\/11\/avenida-paulista-sao-paulo-brazil-300x200.png 300w\" sizes=\"auto, (max-width: 600px) 100vw, 600px\" \/>\t\t\t\t\t<\/a>\n\t\t\t\t\t\t\t<\/div>\n\t\t\t\t\t\t<h4 class=\"uagb-post__title uagb-post__text\">\n\t\t\t\t<a href=\"https:\/\/doinbrazil.com\/es\/corporate-travel-in-brazil-hits-record-revenue-in-q3-2024\/\" target=\"_self\" rel=\"bookmark noopener noreferrer\">Corporate Travel in Brazil Hits Record Revenue in Q3 2024, with Hospitality Leading Growth<\/a>\n\t\t\t<\/h4>\n\t\t\t\t\t\t<div class='uagb-post__text uagb-post-grid-byline'>\n\t\t\t\t\t\t\t\t<time datetime=\"2024-11-26T17:51:26+00:00\" class=\"uagb-post__date\">\n\t\t\t\t<span class=\"dashicons-calendar dashicons\"><\/span>\t\t\t\t\t26\/11\/2024\t\t\t\t<\/time>\n\t\t\t\t\t\t\t<span class=\"uagb-post__comment\">\n\t\t\t\t<span class=\"dashicons-admin-comments dashicons\"><\/span>\t\t\t\t\tNo hay comentarios\t\t\t\t<\/span>\n\t\t\t\t\t\t<\/div>\n\t\t\t\t\t\t\t<div class='uagb-post__text uagb-post__excerpt'>\n\t\t\t\t\tCorporate travel in Brazil hits a record R$ 3.3B in Q3 2024. Discover trends in&#8230;\t\t\t\t<\/div>\n\t\t\t\t\t\t<div class=\"uagb-post__text uagb-post__cta wp-block-button\">\n\t\t\t\t<a class=\"wp-block-button__link uagb-text-link\" style=\"\" href=\"https:\/\/doinbrazil.com\/es\/corporate-travel-in-brazil-hits-record-revenue-in-q3-2024\/\" target=\"_self\" rel=\"bookmark noopener noreferrer\">Leer m\u00e1s<\/a>\n\t\t\t<\/div>\n\t\t\t\n\t\t\t\t\t\t\t\t\t<\/article>\n\t\t\t\t\t\t\t\t\t\t\t\t\t\t\t\t<article class=\"uagb-post__inner-wrap\">\t\t\t\t\t\t\t\t<div class='uagb-post__image'>\n\t\t\t\t\t\t\t\t\t<a href=\"https:\/\/doinbrazil.com\/es\/brazil-wins-three-categories-in-wanderlust-travel-awards\/\" target=\"_self\" rel=\"bookmark noopener noreferrer\" class='uagb-image-ratio-inherit'><img loading=\"lazy\" decoding=\"async\" width=\"1024\" height=\"683\" src=\"https:\/\/doinbrazil.com\/wp-content\/uploads\/2024\/11\/raphael-nogueira-espuILpsRUw-unsplash-1024x683.jpg\" class=\"attachment-large size-large\" alt=\"Vista a\u00e9rea do Corcovado e P\u00e3o de A\u00e7\u00facar (Fonte: Unsplash)\" srcset=\"https:\/\/doinbrazil.com\/wp-content\/uploads\/2024\/11\/raphael-nogueira-espuILpsRUw-unsplash-1024x683.jpg 1024w, https:\/\/doinbrazil.com\/wp-content\/uploads\/2024\/11\/raphael-nogueira-espuILpsRUw-unsplash-300x200.jpg 300w, https:\/\/doinbrazil.com\/wp-content\/uploads\/2024\/11\/raphael-nogueira-espuILpsRUw-unsplash-768x512.jpg 768w, https:\/\/doinbrazil.com\/wp-content\/uploads\/2024\/11\/raphael-nogueira-espuILpsRUw-unsplash-1536x1024.jpg 1536w, https:\/\/doinbrazil.com\/wp-content\/uploads\/2024\/11\/raphael-nogueira-espuILpsRUw-unsplash-2048x1365.jpg 2048w\" sizes=\"auto, (max-width: 1024px) 100vw, 1024px\" \/>\t\t\t\t\t<\/a>\n\t\t\t\t\t\t\t<\/div>\n\t\t\t\t\t\t<h4 class=\"uagb-post__title uagb-post__text\">\n\t\t\t\t<a href=\"https:\/\/doinbrazil.com\/es\/brazil-wins-three-categories-in-wanderlust-travel-awards\/\" target=\"_self\" rel=\"bookmark noopener noreferrer\">Brazil Wins Three Categories in Prestigious International Travel Awards<\/a>\n\t\t\t<\/h4>\n\t\t\t\t\t\t<div class='uagb-post__text uagb-post-grid-byline'>\n\t\t\t\t\t\t\t\t<time datetime=\"2024-11-19T09:00:00+00:00\" class=\"uagb-post__date\">\n\t\t\t\t<span class=\"dashicons-calendar dashicons\"><\/span>\t\t\t\t\t19\/11\/2024\t\t\t\t<\/time>\n\t\t\t\t\t\t\t<span class=\"uagb-post__comment\">\n\t\t\t\t<span class=\"dashicons-admin-comments dashicons\"><\/span>\t\t\t\t\t1 comentario\t\t\t\t<\/span>\n\t\t\t\t\t\t<\/div>\n\t\t\t\t\t\t\t<div class='uagb-post__text uagb-post__excerpt'>\n\t\t\t\t\tDiscover Brazil&#8217;s triumph at the Wanderlust Travel Awards 2024: ranked 8th most desirable country, 2nd&#8230;\t\t\t\t<\/div>\n\t\t\t\t\t\t<div class=\"uagb-post__text uagb-post__cta wp-block-button\">\n\t\t\t\t<a class=\"wp-block-button__link uagb-text-link\" style=\"\" href=\"https:\/\/doinbrazil.com\/es\/brazil-wins-three-categories-in-wanderlust-travel-awards\/\" target=\"_self\" rel=\"bookmark noopener noreferrer\">Leer m\u00e1s<\/a>\n\t\t\t<\/div>\n\t\t\t\n\t\t\t\t\t\t\t\t\t<\/article>\n\t\t\t\t\t\t\t\t\t\t\t\t\t\t\t\t<article class=\"uagb-post__inner-wrap\">\t\t\t\t\t\t\t\t<div class='uagb-post__image'>\n\t\t\t\t\t\t\t\t\t<a href=\"https:\/\/doinbrazil.com\/es\/curitiba-among-the-top-30-best-destinations-to-visit-in-2025\/\" target=\"_self\" rel=\"bookmark noopener noreferrer\" class='uagb-image-ratio-inherit'><img loading=\"lazy\" decoding=\"async\" width=\"1024\" height=\"768\" src=\"https:\/\/doinbrazil.com\/wp-content\/uploads\/2024\/11\/20240323_101913-1024x768.jpg\" class=\"attachment-large size-large\" alt=\"Botanical Garden in Curitiba, capital of Paran\u00e1\" srcset=\"https:\/\/doinbrazil.com\/wp-content\/uploads\/2024\/11\/20240323_101913-1024x768.jpg 1024w, https:\/\/doinbrazil.com\/wp-content\/uploads\/2024\/11\/20240323_101913-300x225.jpg 300w, https:\/\/doinbrazil.com\/wp-content\/uploads\/2024\/11\/20240323_101913-768x576.jpg 768w, https:\/\/doinbrazil.com\/wp-content\/uploads\/2024\/11\/20240323_101913-1536x1152.jpg 1536w, https:\/\/doinbrazil.com\/wp-content\/uploads\/2024\/11\/20240323_101913-2048x1536.jpg 2048w\" sizes=\"auto, (max-width: 1024px) 100vw, 1024px\" \/>\t\t\t\t\t<\/a>\n\t\t\t\t\t\t\t<\/div>\n\t\t\t\t\t\t<h4 class=\"uagb-post__title uagb-post__text\">\n\t\t\t\t<a href=\"https:\/\/doinbrazil.com\/es\/curitiba-among-the-top-30-best-destinations-to-visit-in-2025\/\" target=\"_self\" rel=\"bookmark noopener noreferrer\">Curitiba Among the Top 30 Best Destinations to Visit in 2025<\/a>\n\t\t\t<\/h4>\n\t\t\t\t\t\t<div class='uagb-post__text uagb-post-grid-byline'>\n\t\t\t\t\t\t\t\t<time datetime=\"2024-11-15T05:56:00+00:00\" class=\"uagb-post__date\">\n\t\t\t\t<span class=\"dashicons-calendar dashicons\"><\/span>\t\t\t\t\t15\/11\/2024\t\t\t\t<\/time>\n\t\t\t\t\t\t\t<span class=\"uagb-post__comment\">\n\t\t\t\t<span class=\"dashicons-admin-comments dashicons\"><\/span>\t\t\t\t\t1 comentario\t\t\t\t<\/span>\n\t\t\t\t\t\t<\/div>\n\t\t\t\t\t\t\t<div class='uagb-post__text uagb-post__excerpt'>\n\t\t\t\t\tCuritiba, Brazil\u2019s green capital, has been named one of the top 30 best destinations to&#8230;\t\t\t\t<\/div>\n\t\t\t\t\t\t<div class=\"uagb-post__text uagb-post__cta wp-block-button\">\n\t\t\t\t<a class=\"wp-block-button__link uagb-text-link\" style=\"\" href=\"https:\/\/doinbrazil.com\/es\/curitiba-among-the-top-30-best-destinations-to-visit-in-2025\/\" target=\"_self\" rel=\"bookmark noopener noreferrer\">Leer m\u00e1s<\/a>\n\t\t\t<\/div>\n\t\t\t\n\t\t\t\t\t\t\t\t\t<\/article>\n\t\t\t\t\t\t\t\t\t\t\t\t\t\t\t\t<article class=\"uagb-post__inner-wrap\">\t\t\t\t\t\t\t\t<div class='uagb-post__image'>\n\t\t\t\t\t\t\t\t\t<a href=\"https:\/\/doinbrazil.com\/es\/top-ten-iguacu-national-park-ranks-among-the-worlds-most-desired-destinations\/\" target=\"_self\" rel=\"bookmark noopener noreferrer\" class='uagb-image-ratio-inherit'><img loading=\"lazy\" decoding=\"async\" width=\"1024\" height=\"683\" src=\"https:\/\/doinbrazil.com\/wp-content\/uploads\/2024\/11\/AdobeStock_379091768-1024x683.jpeg\" class=\"attachment-large size-large\" alt=\"Brazil Foz do Iguacu - Iguazu Falls - Las Cataratas del Iguazu observation platform\" srcset=\"https:\/\/doinbrazil.com\/wp-content\/uploads\/2024\/11\/AdobeStock_379091768-1024x683.jpeg 1024w, https:\/\/doinbrazil.com\/wp-content\/uploads\/2024\/11\/AdobeStock_379091768-300x200.jpeg 300w, https:\/\/doinbrazil.com\/wp-content\/uploads\/2024\/11\/AdobeStock_379091768-768x512.jpeg 768w, https:\/\/doinbrazil.com\/wp-content\/uploads\/2024\/11\/AdobeStock_379091768-1536x1024.jpeg 1536w, https:\/\/doinbrazil.com\/wp-content\/uploads\/2024\/11\/AdobeStock_379091768-2048x1365.jpeg 2048w\" sizes=\"auto, (max-width: 1024px) 100vw, 1024px\" \/>\t\t\t\t\t<\/a>\n\t\t\t\t\t\t\t<\/div>\n\t\t\t\t\t\t<h4 class=\"uagb-post__title uagb-post__text\">\n\t\t\t\t<a href=\"https:\/\/doinbrazil.com\/es\/top-ten-iguacu-national-park-ranks-among-the-worlds-most-desired-destinations\/\" target=\"_self\" rel=\"bookmark noopener noreferrer\">Top Ten: Igua\u00e7u National Park ranks among the world\u2019s most desired destinations<\/a>\n\t\t\t<\/h4>\n\t\t\t\t\t\t<div class='uagb-post__text uagb-post-grid-byline'>\n\t\t\t\t\t\t\t\t<time datetime=\"2024-11-14T17:48:59+00:00\" class=\"uagb-post__date\">\n\t\t\t\t<span class=\"dashicons-calendar dashicons\"><\/span>\t\t\t\t\t14\/11\/2024\t\t\t\t<\/time>\n\t\t\t\t\t\t\t<span class=\"uagb-post__comment\">\n\t\t\t\t<span class=\"dashicons-admin-comments dashicons\"><\/span>\t\t\t\t\t1 comentario\t\t\t\t<\/span>\n\t\t\t\t\t\t<\/div>\n\t\t\t\t\t\t\t<div class='uagb-post__text uagb-post__excerpt'>\n\t\t\t\t\tDiscover why Brazil&#8217;s Igua\u00e7u National Park ranks among the world\u2019s top travel destinations. Explore its&#8230;\t\t\t\t<\/div>\n\t\t\t\t\t\t<div class=\"uagb-post__text uagb-post__cta wp-block-button\">\n\t\t\t\t<a class=\"wp-block-button__link uagb-text-link\" style=\"\" href=\"https:\/\/doinbrazil.com\/es\/top-ten-iguacu-national-park-ranks-among-the-worlds-most-desired-destinations\/\" target=\"_self\" rel=\"bookmark noopener noreferrer\">Leer m\u00e1s<\/a>\n\t\t\t<\/div>\n\t\t\t\n\t\t\t\t\t\t\t\t\t<\/article>\n\t\t\t\t\t\t\t\t\t\t\t<\/div>","protected":false},"excerpt":{"rendered":"<p>Brazil Travel News: Stay updated with the latest news in Brazilian tourism! Discover information on new destinations, events, travel regulations, and tips to enhance your experience exploring Brazil.<\/p>","protected":false},"author":1,"featured_media":0,"parent":0,"menu_order":0,"comment_status":"closed","ping_status":"closed","template":"","meta":{"_uag_custom_page_level_css":"","footnotes":""},"class_list":["post-2357","page","type-page","status-publish","hentry","entry"],"aioseo_notices":[],"_hostinger_reach_plugin_has_subscription_block":false,"_hostinger_reach_plugin_is_elementor":false,"uagb_featured_image_src":{"full":false,"thumbnail":false,"medium":false,"medium_large":false,"large":false,"1536x1536":false,"2048x2048":false,"trp-custom-language-flag":false,"ocean-thumb-m":false,"ocean-thumb-ml":false,"ocean-thumb-l":false},"uagb_author_info":{"display_name":"Emilly Chagas","author_link":"https:\/\/doinbrazil.com\/es\/author\/hey123emmy123gmail-com\/"},"uagb_comment_info":0,"uagb_excerpt":"Brazil Travel News: Stay updated with the latest news in Brazilian tourism! Discover information on new destinations, events, travel regulations, and tips to enhance your experience exploring Brazil.","_links":{"self":[{"href":"https:\/\/doinbrazil.com\/es\/wp-json\/wp\/v2\/pages\/2357","targetHints":{"allow":["GET"]}}],"collection":[{"href":"https:\/\/doinbrazil.com\/es\/wp-json\/wp\/v2\/pages"}],"about":[{"href":"https:\/\/doinbrazil.com\/es\/wp-json\/wp\/v2\/types\/page"}],"author":[{"embeddable":true,"href":"https:\/\/doinbrazil.com\/es\/wp-json\/wp\/v2\/users\/1"}],"replies":[{"embeddable":true,"href":"https:\/\/doinbrazil.com\/es\/wp-json\/wp\/v2\/comments?post=2357"}],"version-history":[{"count":2,"href":"https:\/\/doinbrazil.com\/es\/wp-json\/wp\/v2\/pages\/2357\/revisions"}],"predecessor-version":[{"id":2363,"href":"https:\/\/doinbrazil.com\/es\/wp-json\/wp\/v2\/pages\/2357\/revisions\/2363"}],"wp:attachment":[{"href":"https:\/\/doinbrazil.com\/es\/wp-json\/wp\/v2\/media?parent=2357"}],"curies":[{"name":"wp","href":"https:\/\/api.w.org\/{rel}","templated":true}]}}